{"id":2627,"date":"2021-01-07T15:31:58","date_gmt":"2021-01-07T15:31:58","guid":{"rendered":"https:\/\/davidserra.es\/?page_id=2627"},"modified":"2024-04-16T18:02:14","modified_gmt":"2024-04-16T16:02:14","slug":"evenements-2","status":"publish","type":"page","link":"https:\/\/davidserra.es\/fr\/evenements-2\/","title":{"rendered":"\u00c9v\u00e9nements"},"content":{"rendered":"\n<section class=\"wp-block-uagb-columns uagb-columns__wrap uagb-columns__background-none uagb-columns__stack-mobile uagb-columns__valign- uagb-columns__gap-10 align uagb-block-aa1b0ab4 uagb-columns__columns-1 uagb-columns__max_width-theme\"><div class=\"uagb-columns__overlay\"><\/div><div class=\"uagb-columns__inner-wrap uagb-columns__columns-1\">\n<div class=\"wp-block-uagb-column uagb-column__wrap uagb-column__background-undefined uagb-block-a0d9bf98\"><div class=\"uagb-column__overlay\"><\/div>\n<hr class=\"wp-block-separator has-text-color has-white-color has-css-opacity has-white-background-color has-background\"\/>\n\n\n\n<h3 class=\"wp-block-heading has-text-align-center has-white-color has-text-color\">\u00c9v\u00e9nements<\/h3>\n\n\n\n<hr class=\"wp-block-separator has-text-color has-white-color has-css-opacity has-white-background-color has-background\"\/>\n\n\n\n\t\t\t<div class=\"wp-block-uagb-post-grid uagb-post-grid  uagb-post__image-position-top uagb-post__image-enabled uagb-block-6d3117fb     uagb-post__items uagb-post__columns-3 is-grid uagb-post__columns-tablet-2 uagb-post__columns-mobile-1 uagb-post__equal-height\" data-total=\"1\" style=\"\">\n\n\t\t\t\t\t\t\t\t\t\t\t\t<article class=\"uagb-post__inner-wrap\">\t\t\t\t\t\t\t\t<div class='uagb-post__image'>\n\t\t\t\t\t\t\t\t\t<a href=\"https:\/\/davidserra.es\/fr\/winter-civilisations-2026\/\" target=\"_self\" rel=\"bookmark noopener noreferrer\" class='uagb-image-ratio-inherit'><img loading=\"lazy\" decoding=\"async\" width=\"600\" height=\"508\" src=\"https:\/\/davidserra.es\/wp-content\/uploads\/2023\/05\/Logo-civilisations_2023-img-destacada-600.jpg\" class=\"attachment-large size-large\" alt=\"\" srcset=\"https:\/\/davidserra.es\/wp-content\/uploads\/2023\/05\/Logo-civilisations_2023-img-destacada-600.jpg 600w, https:\/\/davidserra.es\/wp-content\/uploads\/2023\/05\/Logo-civilisations_2023-img-destacada-600-300x254.jpg 300w\" sizes=\"auto, (max-width: 600px) 100vw, 600px\" \/>\t\t\t\t\t<\/a>\n\t\t\t\t\t\t\t<\/div>\n\t\t\t\t\t\t<h4 class=\"uagb-post__title uagb-post__text\">\n\t\t\t\t<a href=\"https:\/\/davidserra.es\/fr\/winter-civilisations-2026\/\" target=\"_self\" rel=\"bookmark noopener noreferrer\">Winter Civilisations 2026<\/a>\n\t\t\t<\/h4>\n\t\t\t\t\t\t<div class='uagb-post__text uagb-post-grid-byline'>\n\t\t\t\t\t\t\t<\/div>\n\t\t\t\t\t\t<div class=\"uagb-post__text uagb-post__cta wp-block-button\">\n\t\t\t\t<a class=\"wp-block-button__link uagb-text-link\" style=\"\" href=\"https:\/\/davidserra.es\/fr\/winter-civilisations-2026\/\" target=\"_self\" rel=\"bookmark noopener noreferrer\">Lire la suite<\/a>\n\t\t\t<\/div>\n\t\t\t\n\t\t\t\t\t\t\t\t\t<\/article>\n\t\t\t\t\t\t\t\t\t\t\t<\/div>\n\t\t\t<\/div>\n<\/div><\/section>\n\n\n\n<section class=\"wp-block-uagb-columns uagb-columns__wrap uagb-columns__background-none uagb-columns__stack-mobile uagb-columns__valign- uagb-columns__gap-10 align uagb-block-7b9a67ce uagb-columns__columns-1 uagb-columns__max_width-theme\"><div class=\"uagb-columns__overlay\"><\/div><div class=\"uagb-columns__inner-wrap uagb-columns__columns-1\">\n<div class=\"wp-block-uagb-column uagb-column__wrap uagb-column__background-undefined uagb-block-a8672045\"><div class=\"uagb-column__overlay\"><\/div>\n<hr class=\"wp-block-separator has-text-color has-white-color has-css-opacity has-white-background-color has-background\"\/>\n\n\n\n<h3 class=\"wp-block-heading has-text-align-center has-white-color has-text-color\">Prochains \u00c9v\u00e9nements<\/h3>\n\n\n\n<hr class=\"wp-block-separator has-text-color has-white-color has-css-opacity has-white-background-color has-background\"\/>\n\n\n\n\t\t\t<div class=\"wp-block-uagb-post-grid uagb-post-grid  uagb-post__image-position-top uagb-post__image-enabled uagb-block-5ab34078     uagb-post__items uagb-post__columns-3 is-grid uagb-post__columns-tablet-2 uagb-post__columns-mobile-1 uagb-post__equal-height\" data-total=\"1\" style=\"\">\n\n\t\t\t\t\t\t\t\t\t\t\t\t<article class=\"uagb-post__inner-wrap\">\t\t\t\t\t\t\t\t<div class='uagb-post__image'>\n\t\t\t\t\t\t\t\t\t<a href=\"https:\/\/davidserra.es\/fr\/paris-tribal-2026\/\" target=\"_self\" rel=\"bookmark noopener noreferrer\" class='uagb-image-ratio-inherit'><img loading=\"lazy\" decoding=\"async\" width=\"1000\" height=\"846\" src=\"https:\/\/davidserra.es\/wp-content\/uploads\/2022\/03\/Logo-paristribal-2022-img-destacada.jpg\" class=\"attachment-large size-large\" alt=\"\" srcset=\"https:\/\/davidserra.es\/wp-content\/uploads\/2022\/03\/Logo-paristribal-2022-img-destacada.jpg 1000w, https:\/\/davidserra.es\/wp-content\/uploads\/2022\/03\/Logo-paristribal-2022-img-destacada-300x254.jpg 300w, https:\/\/davidserra.es\/wp-content\/uploads\/2022\/03\/Logo-paristribal-2022-img-destacada-768x650.jpg 768w, https:\/\/davidserra.es\/wp-content\/uploads\/2022\/03\/Logo-paristribal-2022-img-destacada-700x592.jpg 700w\" sizes=\"auto, (max-width: 1000px) 100vw, 1000px\" \/>\t\t\t\t\t<\/a>\n\t\t\t\t\t\t\t<\/div>\n\t\t\t\t\t\t<h4 class=\"uagb-post__title uagb-post__text\">\n\t\t\t\t<a href=\"https:\/\/davidserra.es\/fr\/paris-tribal-2026\/\" target=\"_self\" rel=\"bookmark noopener noreferrer\">Paris Tribal 2026<\/a>\n\t\t\t<\/h4>\n\t\t\t\t\t\t<div class='uagb-post__text uagb-post-grid-byline'>\n\t\t\t\t\t\t\t<\/div>\n\t\t\t\t\t\t<div class=\"uagb-post__text uagb-post__cta wp-block-button\">\n\t\t\t\t<a class=\"wp-block-button__link uagb-text-link\" style=\"\" href=\"https:\/\/davidserra.es\/fr\/paris-tribal-2026\/\" target=\"_self\" rel=\"bookmark noopener noreferrer\">Lire la suite<\/a>\n\t\t\t<\/div>\n\t\t\t\n\t\t\t\t\t\t\t\t\t<\/article>\n\t\t\t\t\t\t\t\t\t\t\t<\/div>\n\t\t\t<\/div>\n<\/div><\/section>\n\n\n\n<section class=\"wp-block-uagb-columns uagb-columns__wrap uagb-columns__background-none uagb-columns__stack-mobile uagb-columns__valign- uagb-columns__gap-10 align uagb-block-385be6d1 uagb-columns__columns-1 uagb-columns__max_width-theme\"><div class=\"uagb-columns__overlay\"><\/div><div class=\"uagb-columns__inner-wrap uagb-columns__columns-1\">\n<div class=\"wp-block-uagb-column uagb-column__wrap uagb-column__background-undefined uagb-block-4c089523\"><div class=\"uagb-column__overlay\"><\/div>\n<hr class=\"wp-block-separator has-text-color has-white-color has-css-opacity has-white-background-color has-background\"\/>\n\n\n\n<h3 class=\"wp-block-heading has-text-align-center has-white-color has-text-color\">Derniers \u00c9v\u00e9nements<\/h3>\n\n\n\n<hr class=\"wp-block-separator has-text-color has-white-color has-css-opacity has-white-background-color has-background\"\/>\n\n\n\n\t\t\t<div class=\"wp-block-uagb-post-grid uagb-post-grid  uagb-post__image-position-top uagb-post__image-enabled uagb-block-5c9b1ce5     uagb-post__items uagb-post__columns-3 is-grid uagb-post__columns-tablet-2 uagb-post__columns-mobile-1 uagb-post__equal-height\" data-total=\"1\" style=\"\">\n\n\t\t\t\t\t\t\t\t\t\t\t\t<article class=\"uagb-post__inner-wrap\">\t\t\t\t\t\t\t\t<div class='uagb-post__image'>\n\t\t\t\t\t\t\t\t\t<a href=\"https:\/\/davidserra.es\/fr\/parcour-des-mondes-2022-2-2\/\" target=\"_self\" rel=\"bookmark noopener noreferrer\" class='uagb-image-ratio-inherit'><img loading=\"lazy\" decoding=\"async\" width=\"600\" height=\"508\" src=\"https:\/\/davidserra.es\/wp-content\/uploads\/2022\/03\/Logo-pdm-2022-img-destacada-600.jpg\" class=\"attachment-large size-large\" alt=\"\" srcset=\"https:\/\/davidserra.es\/wp-content\/uploads\/2022\/03\/Logo-pdm-2022-img-destacada-600.jpg 600w, https:\/\/davidserra.es\/wp-content\/uploads\/2022\/03\/Logo-pdm-2022-img-destacada-600-300x254.jpg 300w\" sizes=\"auto, (max-width: 600px) 100vw, 600px\" \/>\t\t\t\t\t<\/a>\n\t\t\t\t\t\t\t<\/div>\n\t\t\t\t\t\t<h4 class=\"uagb-post__title uagb-post__text\">\n\t\t\t\t<a href=\"https:\/\/davidserra.es\/fr\/parcour-des-mondes-2022-2-2\/\" target=\"_self\" rel=\"bookmark noopener noreferrer\">Parcours des Mondes 2025<\/a>\n\t\t\t<\/h4>\n\t\t\t\t\t\t<div class='uagb-post__text uagb-post-grid-byline'>\n\t\t\t\t\t\t\t<\/div>\n\t\t\t\t\t\t<div class=\"uagb-post__text uagb-post__cta wp-block-button\">\n\t\t\t\t<a class=\"wp-block-button__link uagb-text-link\" style=\"\" href=\"https:\/\/davidserra.es\/fr\/parcour-des-mondes-2022-2-2\/\" target=\"_self\" rel=\"bookmark noopener noreferrer\">Lire la suite<\/a>\n\t\t\t<\/div>\n\t\t\t\n\t\t\t\t\t\t\t\t\t<\/article>\n\t\t\t\t\t\t\t\t\t\t\t\t\t\t\t\t<article class=\"uagb-post__inner-wrap\">\t\t\t\t\t\t\t\t<div class='uagb-post__image'>\n\t\t\t\t\t\t\t\t\t<a href=\"https:\/\/davidserra.es\/fr\/civilisations-2024-2\/\" target=\"_self\" rel=\"bookmark noopener noreferrer\" class='uagb-image-ratio-inherit'><img loading=\"lazy\" decoding=\"async\" width=\"600\" height=\"508\" src=\"https:\/\/davidserra.es\/wp-content\/uploads\/2023\/05\/Logo-civilisations_2023-img-destacada-600.jpg\" class=\"attachment-large size-large\" alt=\"\" srcset=\"https:\/\/davidserra.es\/wp-content\/uploads\/2023\/05\/Logo-civilisations_2023-img-destacada-600.jpg 600w, https:\/\/davidserra.es\/wp-content\/uploads\/2023\/05\/Logo-civilisations_2023-img-destacada-600-300x254.jpg 300w\" sizes=\"auto, (max-width: 600px) 100vw, 600px\" \/>\t\t\t\t\t<\/a>\n\t\t\t\t\t\t\t<\/div>\n\t\t\t\t\t\t<h4 class=\"uagb-post__title uagb-post__text\">\n\t\t\t\t<a href=\"https:\/\/davidserra.es\/fr\/civilisations-2024-2\/\" target=\"_self\" rel=\"bookmark noopener noreferrer\">Civilisations 2025 Winter Edition<\/a>\n\t\t\t<\/h4>\n\t\t\t\t\t\t<div class='uagb-post__text uagb-post-grid-byline'>\n\t\t\t\t\t\t\t<\/div>\n\t\t\t\t\t\t<div class=\"uagb-post__text uagb-post__cta wp-block-button\">\n\t\t\t\t<a class=\"wp-block-button__link uagb-text-link\" style=\"\" href=\"https:\/\/davidserra.es\/fr\/civilisations-2024-2\/\" target=\"_self\" rel=\"bookmark noopener noreferrer\">Lire la suite<\/a>\n\t\t\t<\/div>\n\t\t\t\n\t\t\t\t\t\t\t\t\t<\/article>\n\t\t\t\t\t\t\t\t\t\t\t\t\t\t\t\t<article class=\"uagb-post__inner-wrap\">\t\t\t\t\t\t\t\t<div class='uagb-post__image'>\n\t\t\t\t\t\t\t\t\t<a href=\"https:\/\/davidserra.es\/fr\/picasso-la-metamorfosi-della-figura\/\" target=\"_self\" rel=\"bookmark noopener noreferrer\" class='uagb-image-ratio-inherit'><img loading=\"lazy\" decoding=\"async\" width=\"1000\" height=\"846\" src=\"https:\/\/davidserra.es\/wp-content\/uploads\/2024\/04\/evento_milan-img-destacada.jpg\" class=\"attachment-large size-large\" alt=\"\" srcset=\"https:\/\/davidserra.es\/wp-content\/uploads\/2024\/04\/evento_milan-img-destacada.jpg 1000w, https:\/\/davidserra.es\/wp-content\/uploads\/2024\/04\/evento_milan-img-destacada-300x254.jpg 300w, https:\/\/davidserra.es\/wp-content\/uploads\/2024\/04\/evento_milan-img-destacada-768x650.jpg 768w, https:\/\/davidserra.es\/wp-content\/uploads\/2024\/04\/evento_milan-img-destacada-700x592.jpg 700w\" sizes=\"auto, (max-width: 1000px) 100vw, 1000px\" \/>\t\t\t\t\t<\/a>\n\t\t\t\t\t\t\t<\/div>\n\t\t\t\t\t\t<h4 class=\"uagb-post__title uagb-post__text\">\n\t\t\t\t<a href=\"https:\/\/davidserra.es\/fr\/picasso-la-metamorfosi-della-figura\/\" target=\"_self\" rel=\"bookmark noopener noreferrer\">Picasso, la metamorfosi della figura<\/a>\n\t\t\t<\/h4>\n\t\t\t\t\t\t<div class='uagb-post__text uagb-post-grid-byline'>\n\t\t\t\t\t\t\t<\/div>\n\t\t\t\t\t\t<div class=\"uagb-post__text uagb-post__cta wp-block-button\">\n\t\t\t\t<a class=\"wp-block-button__link uagb-text-link\" style=\"\" href=\"https:\/\/davidserra.es\/fr\/picasso-la-metamorfosi-della-figura\/\" target=\"_self\" rel=\"bookmark noopener noreferrer\">Lire la suite<\/a>\n\t\t\t<\/div>\n\t\t\t\n\t\t\t\t\t\t\t\t\t<\/article>\n\t\t\t\t\t\t\t\t\t\t\t\t\t\t\t\t<article class=\"uagb-post__inner-wrap\">\t\t\t\t\t\t\t\t<div class='uagb-post__image'>\n\t\t\t\t\t\t\t\t\t<a href=\"https:\/\/davidserra.es\/fr\/paris-tribal-2024\/\" target=\"_self\" rel=\"bookmark noopener noreferrer\" class='uagb-image-ratio-inherit'><img loading=\"lazy\" decoding=\"async\" width=\"1000\" height=\"846\" src=\"https:\/\/davidserra.es\/wp-content\/uploads\/2022\/03\/Logo-paristribal-2022-img-destacada.jpg\" class=\"attachment-large size-large\" alt=\"\" srcset=\"https:\/\/davidserra.es\/wp-content\/uploads\/2022\/03\/Logo-paristribal-2022-img-destacada.jpg 1000w, https:\/\/davidserra.es\/wp-content\/uploads\/2022\/03\/Logo-paristribal-2022-img-destacada-300x254.jpg 300w, https:\/\/davidserra.es\/wp-content\/uploads\/2022\/03\/Logo-paristribal-2022-img-destacada-768x650.jpg 768w, https:\/\/davidserra.es\/wp-content\/uploads\/2022\/03\/Logo-paristribal-2022-img-destacada-700x592.jpg 700w\" sizes=\"auto, (max-width: 1000px) 100vw, 1000px\" \/>\t\t\t\t\t<\/a>\n\t\t\t\t\t\t\t<\/div>\n\t\t\t\t\t\t<h4 class=\"uagb-post__title uagb-post__text\">\n\t\t\t\t<a href=\"https:\/\/davidserra.es\/fr\/paris-tribal-2024\/\" target=\"_self\" rel=\"bookmark noopener noreferrer\">Paris Tribal 2024<\/a>\n\t\t\t<\/h4>\n\t\t\t\t\t\t<div class='uagb-post__text uagb-post-grid-byline'>\n\t\t\t\t\t\t\t<\/div>\n\t\t\t\t\t\t<div class=\"uagb-post__text uagb-post__cta wp-block-button\">\n\t\t\t\t<a class=\"wp-block-button__link uagb-text-link\" style=\"\" href=\"https:\/\/davidserra.es\/fr\/paris-tribal-2024\/\" target=\"_self\" rel=\"bookmark noopener noreferrer\">Lire la suite<\/a>\n\t\t\t<\/div>\n\t\t\t\n\t\t\t\t\t\t\t\t\t<\/article>\n\t\t\t\t\t\t\t\t\t\t\t\t\t\t\t\t<article class=\"uagb-post__inner-wrap\">\t\t\t\t\t\t\t\t<div class='uagb-post__image'>\n\t\t\t\t\t\t\t\t\t<a href=\"https:\/\/davidserra.es\/fr\/parcour-des-mondes-2022\/\" target=\"_self\" rel=\"bookmark noopener noreferrer\" class='uagb-image-ratio-inherit'><img loading=\"lazy\" decoding=\"async\" width=\"600\" height=\"508\" src=\"https:\/\/davidserra.es\/wp-content\/uploads\/2022\/03\/Logo-pdm-2022-img-destacada-600.jpg\" class=\"attachment-large size-large\" alt=\"\" srcset=\"https:\/\/davidserra.es\/wp-content\/uploads\/2022\/03\/Logo-pdm-2022-img-destacada-600.jpg 600w, https:\/\/davidserra.es\/wp-content\/uploads\/2022\/03\/Logo-pdm-2022-img-destacada-600-300x254.jpg 300w\" sizes=\"auto, (max-width: 600px) 100vw, 600px\" \/>\t\t\t\t\t<\/a>\n\t\t\t\t\t\t\t<\/div>\n\t\t\t\t\t\t<h4 class=\"uagb-post__title uagb-post__text\">\n\t\t\t\t<a href=\"https:\/\/davidserra.es\/fr\/parcour-des-mondes-2022\/\" target=\"_self\" rel=\"bookmark noopener noreferrer\">Parcours des Mondes 2023<\/a>\n\t\t\t<\/h4>\n\t\t\t\t\t\t<div class='uagb-post__text uagb-post-grid-byline'>\n\t\t\t\t\t\t\t<\/div>\n\t\t\t\t\t\t<div class=\"uagb-post__text uagb-post__cta wp-block-button\">\n\t\t\t\t<a class=\"wp-block-button__link uagb-text-link\" style=\"\" href=\"https:\/\/davidserra.es\/fr\/parcour-des-mondes-2022\/\" target=\"_self\" rel=\"bookmark noopener noreferrer\">Lire la suite<\/a>\n\t\t\t<\/div>\n\t\t\t\n\t\t\t\t\t\t\t\t\t<\/article>\n\t\t\t\t\t\t\t\t\t\t\t<\/div>\n\t\t\t<\/div>\n<\/div><\/section>\n","protected":false},"excerpt":{"rendered":"<p>\u00c9v\u00e9nements Prochains \u00c9v\u00e9nements Derniers \u00c9v\u00e9nements<\/p>\n","protected":false},"author":3,"featured_media":0,"parent":0,"menu_order":0,"comment_status":"closed","ping_status":"closed","template":"","meta":{"_uag_custom_page_level_css":"","footnotes":""},"class_list":["post-2627","page","type-page","status-publish","hentry"],"uagb_featured_image_src":{"full":false,"thumbnail":false,"medium":false,"medium_large":false,"large":false,"1536x1536":false,"2048x2048":false,"portfolio-square":false,"portfolio-portrait":false,"portfolio-landscape":false,"menu-featured-post":false,"qode-carousel_slider":false,"portfolio_slider":false,"portfolio_masonry_regular":false,"portfolio_masonry_wide":false,"portfolio_masonry_tall":false,"portfolio_masonry_large":false,"portfolio_masonry_with_space":false,"latest_post_boxes":false},"uagb_author_info":{"display_name":"empiezapori","author_link":"https:\/\/davidserra.es\/fr\/author\/empiezapori\/"},"uagb_comment_info":0,"uagb_excerpt":"\u00c9v\u00e9nements Prochains \u00c9v\u00e9nements Derniers \u00c9v\u00e9nements","_links":{"self":[{"href":"https:\/\/davidserra.es\/fr\/wp-json\/wp\/v2\/pages\/2627","targetHints":{"allow":["GET"]}}],"collection":[{"href":"https:\/\/davidserra.es\/fr\/wp-json\/wp\/v2\/pages"}],"about":[{"href":"https:\/\/davidserra.es\/fr\/wp-json\/wp\/v2\/types\/page"}],"author":[{"embeddable":true,"href":"https:\/\/davidserra.es\/fr\/wp-json\/wp\/v2\/users\/3"}],"replies":[{"embeddable":true,"href":"https:\/\/davidserra.es\/fr\/wp-json\/wp\/v2\/comments?post=2627"}],"version-history":[{"count":4,"href":"https:\/\/davidserra.es\/fr\/wp-json\/wp\/v2\/pages\/2627\/revisions"}],"predecessor-version":[{"id":3660,"href":"https:\/\/davidserra.es\/fr\/wp-json\/wp\/v2\/pages\/2627\/revisions\/3660"}],"wp:attachment":[{"href":"https:\/\/davidserra.es\/fr\/wp-json\/wp\/v2\/media?parent=2627"}],"curies":[{"name":"wp","href":"https:\/\/api.w.org\/{rel}","templated":true}]}}