{"id":1168,"date":"2018-09-21T10:42:00","date_gmt":"2018-09-21T10:42:00","guid":{"rendered":"https:\/\/davidserra.es\/?page_id=1168"},"modified":"2018-09-21T10:42:00","modified_gmt":"2018-09-21T10:42:00","slug":"archives","status":"publish","type":"page","link":"https:\/\/davidserra.es\/fr\/archives\/","title":{"rendered":"Archives"},"content":{"rendered":"<div class=\"wpb-content-wrapper\"><p>[vc_row css_animation=\u00a0\u00bb\u00a0\u00bb row_type=\u00a0\u00bbrow\u00a0\u00bb use_row_as_full_screen_section=\u00a0\u00bbno\u00a0\u00bb type=\u00a0\u00bbfull_width\u00a0\u00bb angled_section=\u00a0\u00bbno\u00a0\u00bb text_align=\u00a0\u00bbleft\u00a0\u00bb background_image_as_pattern=\u00a0\u00bbwithout_pattern\u00a0\u00bb css=\u00a0\u00bb.vc_custom_1532938057590{margin-top: 20px !important;margin-bottom: 25px !important;}\u00a0\u00bb z_index=\u00a0\u00bb\u00a0\u00bb][vc_column][vc_column_text el_class=\u00a0\u00bbtexto_archivos\u00a0\u00bb]<\/p>\n<p style=\"text-align: center;\">Les objets publi\u00e9s dans cette section ont \u00e9t\u00e9 pr\u00e9sent\u00e9s par la galerie ces derni\u00e8res ann\u00e9es.<\/p>\n<p>[\/vc_column_text][\/vc_column][\/vc_row][vc_row css_animation=\u00a0\u00bb\u00a0\u00bb row_type=\u00a0\u00bbrow\u00a0\u00bb use_row_as_full_screen_section=\u00a0\u00bbno\u00a0\u00bb type=\u00a0\u00bbfull_width\u00a0\u00bb angled_section=\u00a0\u00bbno\u00a0\u00bb text_align=\u00a0\u00bbleft\u00a0\u00bb background_image_as_pattern=\u00a0\u00bbwithout_pattern\u00a0\u00bb css=\u00a0\u00bb.vc_custom_1532593107890{margin-top: 0px !important;}\u00a0\u00bb z_index=\u00a0\u00bb\u00a0\u00bb][vc_column]<div class='projects_holder_outer v3 portfolio_with_space portfolio_standard'><div class='projects_holder portfolio_main_holder clearfix v3 standard portfolio_square_image '>\n<article class='mix portfolio_category_38 ' style=''><div class='image_holder'><a itemprop='url' class='portfolio_link_for_touch' href='https:\/\/davidserra.es\/fr\/portfolio_page\/sculpture-eyema-byeri\/' target='_self'><span class='image'><img loading=\"lazy\" decoding=\"async\" width=\"570\" height=\"570\" src=\"https:\/\/davidserra.es\/wp-content\/uploads\/2018\/08\/60400762_web_1000_2_1-570x570.jpg\" class=\"attachment-portfolio-square size-portfolio-square wp-post-image\" alt=\"\" srcset=\"https:\/\/davidserra.es\/wp-content\/uploads\/2018\/08\/60400762_web_1000_2_1-570x570.jpg 570w, https:\/\/davidserra.es\/wp-content\/uploads\/2018\/08\/60400762_web_1000_2_1-150x150.jpg 150w, https:\/\/davidserra.es\/wp-content\/uploads\/2018\/08\/60400762_web_1000_2_1-500x500.jpg 500w, https:\/\/davidserra.es\/wp-content\/uploads\/2018\/08\/60400762_web_1000_2_1-1000x1000.jpg 1000w\" sizes=\"auto, (max-width: 570px) 100vw, 570px\" \/><\/span><\/a><span class='text_holder'><span class='text_outer'><span class='text_inner'><span class='feature_holder'><span class=\"feature_holder_icons\"><a itemprop='image' class='lightbox qbutton small white' title='<font style=\"text-transform: none;\"> Sculpture <em>eyema byeri<\/em><\/font>' href='https:\/\/davidserra.es\/wp-content\/uploads\/2018\/08\/60400762_web_1000_2_1.jpg' data-rel='prettyPhoto[pretty_photo_gallery]'>zoom<\/a><a itemprop='url' class='preview qbutton small white' href='https:\/\/davidserra.es\/fr\/portfolio_page\/sculpture-eyema-byeri\/' target='_self'>view<\/a><\/span><\/span><\/span><\/span><\/span><\/div><div class='portfolio_description '><h5 itemprop=\"name\" class=\"portfolio_title entry_title\"><a itemprop=\"url\" href=\"https:\/\/davidserra.es\/fr\/portfolio_page\/sculpture-eyema-byeri\/\"  target=\"_self\"><font style=\"text-transform: none;\"> Sculpture <em>eyema byeri<\/em><\/font><\/a><\/h5><span class=\"project_category\" >Obras vendidas_FR<\/span><\/div><\/article>\n<article class='mix portfolio_category_38 ' style=''><div class='image_holder'><a itemprop='url' class='portfolio_link_for_touch' href='https:\/\/davidserra.es\/fr\/portfolio_page\/copa_yoruba_fr\/' target='_self'><span class='image'><img loading=\"lazy\" decoding=\"async\" width=\"570\" height=\"570\" src=\"https:\/\/davidserra.es\/wp-content\/uploads\/2020\/05\/60400970_888_web_1-570x570.jpg\" class=\"attachment-portfolio-square size-portfolio-square wp-post-image\" alt=\"\" srcset=\"https:\/\/davidserra.es\/wp-content\/uploads\/2020\/05\/60400970_888_web_1-570x570.jpg 570w, https:\/\/davidserra.es\/wp-content\/uploads\/2020\/05\/60400970_888_web_1-150x150.jpg 150w, https:\/\/davidserra.es\/wp-content\/uploads\/2020\/05\/60400970_888_web_1-500x500.jpg 500w\" sizes=\"auto, (max-width: 570px) 100vw, 570px\" \/><\/span><\/a><span class='text_holder'><span class='text_outer'><span class='text_inner'><span class='feature_holder'><span class=\"feature_holder_icons\"><a itemprop='image' class='lightbox qbutton small white' title='<font style=\"text-transform: none;\">Coupe de divination<\/font>' href='https:\/\/davidserra.es\/wp-content\/uploads\/2020\/05\/60400970_888_web_1.jpg' data-rel='prettyPhoto[pretty_photo_gallery]'>zoom<\/a><a itemprop='url' class='preview qbutton small white' href='https:\/\/davidserra.es\/fr\/portfolio_page\/copa_yoruba_fr\/' target='_self'>view<\/a><\/span><\/span><\/span><\/span><\/span><\/div><div class='portfolio_description '><h5 itemprop=\"name\" class=\"portfolio_title entry_title\"><a itemprop=\"url\" href=\"https:\/\/davidserra.es\/fr\/portfolio_page\/copa_yoruba_fr\/\"  target=\"_self\"><font style=\"text-transform: none;\">Coupe de divination<\/font><\/a><\/h5><span class=\"project_category\" >Obras vendidas_FR<\/span><\/div><\/article>\n<article class='mix portfolio_category_38 ' style=''><div class='image_holder'><a itemprop='url' class='portfolio_link_for_touch' href='https:\/\/davidserra.es\/fr\/portfolio_page\/escultura_bembe_fr\/' target='_self'><span class='image'><img loading=\"lazy\" decoding=\"async\" width=\"570\" height=\"570\" src=\"https:\/\/davidserra.es\/wp-content\/uploads\/2020\/05\/60400929_888_web_1-570x570.jpg\" class=\"attachment-portfolio-square size-portfolio-square wp-post-image\" alt=\"\" srcset=\"https:\/\/davidserra.es\/wp-content\/uploads\/2020\/05\/60400929_888_web_1-570x570.jpg 570w, https:\/\/davidserra.es\/wp-content\/uploads\/2020\/05\/60400929_888_web_1-150x150.jpg 150w, https:\/\/davidserra.es\/wp-content\/uploads\/2020\/05\/60400929_888_web_1-500x500.jpg 500w\" sizes=\"auto, (max-width: 570px) 100vw, 570px\" \/><\/span><\/a><span class='text_holder'><span class='text_outer'><span class='text_inner'><span class='feature_holder'><span class=\"feature_holder_icons\"><a itemprop='image' class='lightbox qbutton small white' title='<font style=\"text-transform: none;\">Sculpture s&rsquo;anc\u00eatre<\/font>' href='https:\/\/davidserra.es\/wp-content\/uploads\/2020\/05\/60400929_888_web_1.jpg' data-rel='prettyPhoto[pretty_photo_gallery]'>zoom<\/a><a itemprop='url' class='preview qbutton small white' href='https:\/\/davidserra.es\/fr\/portfolio_page\/escultura_bembe_fr\/' target='_self'>view<\/a><\/span><\/span><\/span><\/span><\/span><\/div><div class='portfolio_description '><h5 itemprop=\"name\" class=\"portfolio_title entry_title\"><a itemprop=\"url\" href=\"https:\/\/davidserra.es\/fr\/portfolio_page\/escultura_bembe_fr\/\"  target=\"_self\"><font style=\"text-transform: none;\">Sculpture s&rsquo;anc\u00eatre<\/font><\/a><\/h5><span class=\"project_category\" >Obras vendidas_FR<\/span><\/div><\/article>\n<article class='mix portfolio_category_38 ' style=''><div class='image_holder'><a itemprop='url' class='portfolio_link_for_touch' href='https:\/\/davidserra.es\/fr\/portfolio_page\/escutura_songye_fr\/' target='_self'><span class='image'><img loading=\"lazy\" decoding=\"async\" width=\"570\" height=\"570\" src=\"https:\/\/davidserra.es\/wp-content\/uploads\/2020\/05\/60400608_888_web_1-570x570.jpg\" class=\"attachment-portfolio-square size-portfolio-square wp-post-image\" alt=\"\" srcset=\"https:\/\/davidserra.es\/wp-content\/uploads\/2020\/05\/60400608_888_web_1-570x570.jpg 570w, https:\/\/davidserra.es\/wp-content\/uploads\/2020\/05\/60400608_888_web_1-150x150.jpg 150w, https:\/\/davidserra.es\/wp-content\/uploads\/2020\/05\/60400608_888_web_1-500x500.jpg 500w\" sizes=\"auto, (max-width: 570px) 100vw, 570px\" \/><\/span><\/a><span class='text_holder'><span class='text_outer'><span class='text_inner'><span class='feature_holder'><span class=\"feature_holder_icons\"><a itemprop='image' class='lightbox qbutton small white' title='<font style=\"text-transform: none;\">Sculpture <em>nkisi<\/em><\/font>' href='https:\/\/davidserra.es\/wp-content\/uploads\/2020\/05\/60400608_888_web_1.jpg' data-rel='prettyPhoto[pretty_photo_gallery]'>zoom<\/a><a itemprop='url' class='preview qbutton small white' href='https:\/\/davidserra.es\/fr\/portfolio_page\/escutura_songye_fr\/' target='_self'>view<\/a><\/span><\/span><\/span><\/span><\/span><\/div><div class='portfolio_description '><h5 itemprop=\"name\" class=\"portfolio_title entry_title\"><a itemprop=\"url\" href=\"https:\/\/davidserra.es\/fr\/portfolio_page\/escutura_songye_fr\/\"  target=\"_self\"><font style=\"text-transform: none;\">Sculpture <em>nkisi<\/em><\/font><\/a><\/h5><span class=\"project_category\" >Obras vendidas_FR<\/span><\/div><\/article>\n<article class='mix portfolio_category_38 ' style=''><div class='image_holder'><a itemprop='url' class='portfolio_link_for_touch' href='https:\/\/davidserra.es\/fr\/portfolio_page\/mascara_bamana_fr\/' target='_self'><span class='image'><img loading=\"lazy\" decoding=\"async\" width=\"570\" height=\"570\" src=\"https:\/\/davidserra.es\/wp-content\/uploads\/2020\/05\/61500245_888_web_1-570x570.jpg\" class=\"attachment-portfolio-square size-portfolio-square wp-post-image\" alt=\"\" srcset=\"https:\/\/davidserra.es\/wp-content\/uploads\/2020\/05\/61500245_888_web_1-570x570.jpg 570w, https:\/\/davidserra.es\/wp-content\/uploads\/2020\/05\/61500245_888_web_1-150x150.jpg 150w, https:\/\/davidserra.es\/wp-content\/uploads\/2020\/05\/61500245_888_web_1-500x500.jpg 500w\" sizes=\"auto, (max-width: 570px) 100vw, 570px\" \/><\/span><\/a><span class='text_holder'><span class='text_outer'><span class='text_inner'><span class='feature_holder'><span class=\"feature_holder_icons\"><a itemprop='image' class='lightbox qbutton small white' title='<font style=\"text-transform: none;\">Masque <em>ntomo<\/em><\/font>' href='https:\/\/davidserra.es\/wp-content\/uploads\/2020\/05\/61500245_888_web_1.jpg' data-rel='prettyPhoto[pretty_photo_gallery]'>zoom<\/a><a itemprop='url' class='preview qbutton small white' href='https:\/\/davidserra.es\/fr\/portfolio_page\/mascara_bamana_fr\/' target='_self'>view<\/a><\/span><\/span><\/span><\/span><\/span><\/div><div class='portfolio_description '><h5 itemprop=\"name\" class=\"portfolio_title entry_title\"><a itemprop=\"url\" href=\"https:\/\/davidserra.es\/fr\/portfolio_page\/mascara_bamana_fr\/\"  target=\"_self\"><font style=\"text-transform: none;\">Masque <em>ntomo<\/em><\/font><\/a><\/h5><span class=\"project_category\" >Obras vendidas_FR<\/span><\/div><\/article>\n<article class='mix portfolio_category_38 ' style=''><div class='image_holder'><a itemprop='url' class='portfolio_link_for_touch' href='https:\/\/davidserra.es\/fr\/portfolio_page\/sculpture-de-reliquaire\/' target='_self'><span class='image'><img loading=\"lazy\" decoding=\"async\" width=\"570\" height=\"570\" src=\"https:\/\/davidserra.es\/wp-content\/uploads\/2020\/05\/0J3A1533-570x570.jpg\" class=\"attachment-portfolio-square size-portfolio-square wp-post-image\" alt=\"\" srcset=\"https:\/\/davidserra.es\/wp-content\/uploads\/2020\/05\/0J3A1533-570x570.jpg 570w, https:\/\/davidserra.es\/wp-content\/uploads\/2020\/05\/0J3A1533-300x300.jpg 300w, https:\/\/davidserra.es\/wp-content\/uploads\/2020\/05\/0J3A1533-1024x1024.jpg 1024w, https:\/\/davidserra.es\/wp-content\/uploads\/2020\/05\/0J3A1533-150x150.jpg 150w, https:\/\/davidserra.es\/wp-content\/uploads\/2020\/05\/0J3A1533-768x768.jpg 768w, https:\/\/davidserra.es\/wp-content\/uploads\/2020\/05\/0J3A1533-500x500.jpg 500w, https:\/\/davidserra.es\/wp-content\/uploads\/2020\/05\/0J3A1533-1000x1000.jpg 1000w, https:\/\/davidserra.es\/wp-content\/uploads\/2020\/05\/0J3A1533-700x700.jpg 700w, https:\/\/davidserra.es\/wp-content\/uploads\/2020\/05\/0J3A1533.jpg 1181w\" sizes=\"auto, (max-width: 570px) 100vw, 570px\" \/><\/span><\/a><span class='text_holder'><span class='text_outer'><span class='text_inner'><span class='feature_holder'><span class=\"feature_holder_icons\"><a itemprop='image' class='lightbox qbutton small white' title='<font style=\"text-transform: none;\">Sculpture de reliquaire<\/font>' href='https:\/\/davidserra.es\/wp-content\/uploads\/2020\/05\/0J3A1533.jpg' data-rel='prettyPhoto[pretty_photo_gallery]'>zoom<\/a><a itemprop='url' class='preview qbutton small white' href='https:\/\/davidserra.es\/fr\/portfolio_page\/sculpture-de-reliquaire\/' target='_self'>view<\/a><\/span><\/span><\/span><\/span><\/span><\/div><div class='portfolio_description '><h5 itemprop=\"name\" class=\"portfolio_title entry_title\"><a itemprop=\"url\" href=\"https:\/\/davidserra.es\/fr\/portfolio_page\/sculpture-de-reliquaire\/\"  target=\"_self\"><font style=\"text-transform: none;\">Sculpture de reliquaire<\/font><\/a><\/h5><span class=\"project_category\" >Obras vendidas_FR<\/span><\/div><\/article>\n<div class='filler'><\/div>\n<div class='filler'><\/div>\n<div class='filler'><\/div>\n<\/div><\/div>[\/vc_column][\/vc_row]<\/p>\n<\/div>","protected":false},"excerpt":{"rendered":"<p>[vc_row css_animation=\u00a0\u00bb\u00a0\u00bb row_type=\u00a0\u00bbrow\u00a0\u00bb use_row_as_full_screen_section=\u00a0\u00bbno\u00a0\u00bb type=\u00a0\u00bbfull_width\u00a0\u00bb angled_section=\u00a0\u00bbno\u00a0\u00bb text_align=\u00a0\u00bbleft\u00a0\u00bb background_image_as_pattern=\u00a0\u00bbwithout_pattern\u00a0\u00bb css=\u00a0\u00bb.vc_custom_1532938057590{margin-top: 20px !important;margin-bottom: 25px !important;}\u00a0\u00bb z_index=\u00a0\u00bb\u00a0\u00bb][vc_column][vc_column_text el_class=\u00a0\u00bbtexto_archivos\u00a0\u00bb] Les objets publi\u00e9s dans cette section ont \u00e9t\u00e9 pr\u00e9sent\u00e9s par la galerie ces derni\u00e8res ann\u00e9es. [\/vc_column_text][\/vc_column][\/vc_row][vc_row css_animation=\u00a0\u00bb\u00a0\u00bb row_type=\u00a0\u00bbrow\u00a0\u00bb use_row_as_full_screen_section=\u00a0\u00bbno\u00a0\u00bb type=\u00a0\u00bbfull_width\u00a0\u00bb angled_section=\u00a0\u00bbno\u00a0\u00bb text_align=\u00a0\u00bbleft\u00a0\u00bb background_image_as_pattern=\u00a0\u00bbwithout_pattern\u00a0\u00bb css=\u00a0\u00bb.vc_custom_1532593107890{margin-top: 0px !important;}\u00a0\u00bb z_index=\u00a0\u00bb\u00a0\u00bb][vc_column][\/vc_column][\/vc_row]<\/p>\n","protected":false},"author":2,"featured_media":0,"parent":0,"menu_order":0,"comment_status":"closed","ping_status":"closed","template":"","meta":{"_uag_custom_page_level_css":"","footnotes":""},"class_list":["post-1168","page","type-page","status-publish","hentry"],"uagb_featured_image_src":{"full":false,"thumbnail":false,"medium":false,"medium_large":false,"large":false,"1536x1536":false,"2048x2048":false,"portfolio-square":false,"portfolio-portrait":false,"portfolio-landscape":false,"menu-featured-post":false,"qode-carousel_slider":false,"portfolio_slider":false,"portfolio_masonry_regular":false,"portfolio_masonry_wide":false,"portfolio_masonry_tall":false,"portfolio_masonry_large":false,"portfolio_masonry_with_space":false,"latest_post_boxes":false},"uagb_author_info":{"display_name":"Ivan Serra","author_link":"https:\/\/davidserra.es\/fr\/author\/ivan\/"},"uagb_comment_info":0,"uagb_excerpt":"[vc_row css_animation=\u00a0\u00bb\u00a0\u00bb row_type=\u00a0\u00bbrow\u00a0\u00bb use_row_as_full_screen_section=\u00a0\u00bbno\u00a0\u00bb type=\u00a0\u00bbfull_width\u00a0\u00bb angled_section=\u00a0\u00bbno\u00a0\u00bb text_align=\u00a0\u00bbleft\u00a0\u00bb background_image_as_pattern=\u00a0\u00bbwithout_pattern\u00a0\u00bb css=\u00a0\u00bb.vc_custom_1532938057590{margin-top: 20px !important;margin-bottom: 25px !important;}\u00a0\u00bb z_index=\u00a0\u00bb\u00a0\u00bb][vc_column][vc_column_text el_class=\u00a0\u00bbtexto_archivos\u00a0\u00bb] Les objets publi\u00e9s dans cette section ont \u00e9t\u00e9 pr\u00e9sent\u00e9s par la galerie ces derni\u00e8res ann\u00e9es. [\/vc_column_text][\/vc_column][\/vc_row][vc_row css_animation=\u00a0\u00bb\u00a0\u00bb row_type=\u00a0\u00bbrow\u00a0\u00bb use_row_as_full_screen_section=\u00a0\u00bbno\u00a0\u00bb type=\u00a0\u00bbfull_width\u00a0\u00bb angled_section=\u00a0\u00bbno\u00a0\u00bb text_align=\u00a0\u00bbleft\u00a0\u00bb background_image_as_pattern=\u00a0\u00bbwithout_pattern\u00a0\u00bb css=\u00a0\u00bb.vc_custom_1532593107890{margin-top: 0px !important;}\u00a0\u00bb z_index=\u00a0\u00bb\u00a0\u00bb][vc_column][\/vc_column][\/vc_row]","_links":{"self":[{"href":"https:\/\/davidserra.es\/fr\/wp-json\/wp\/v2\/pages\/1168","targetHints":{"allow":["GET"]}}],"collection":[{"href":"https:\/\/davidserra.es\/fr\/wp-json\/wp\/v2\/pages"}],"about":[{"href":"https:\/\/davidserra.es\/fr\/wp-json\/wp\/v2\/types\/page"}],"author":[{"embeddable":true,"href":"https:\/\/davidserra.es\/fr\/wp-json\/wp\/v2\/users\/2"}],"replies":[{"embeddable":true,"href":"https:\/\/davidserra.es\/fr\/wp-json\/wp\/v2\/comments?post=1168"}],"version-history":[{"count":1,"href":"https:\/\/davidserra.es\/fr\/wp-json\/wp\/v2\/pages\/1168\/revisions"}],"predecessor-version":[{"id":1169,"href":"https:\/\/davidserra.es\/fr\/wp-json\/wp\/v2\/pages\/1168\/revisions\/1169"}],"wp:attachment":[{"href":"https:\/\/davidserra.es\/fr\/wp-json\/wp\/v2\/media?parent=1168"}],"curies":[{"name":"wp","href":"https:\/\/api.w.org\/{rel}","templated":true}]}}