{"id":3758,"date":"2024-05-22T13:17:29","date_gmt":"2024-05-22T11:17:29","guid":{"rendered":"https:\/\/davidserra.es\/tefalipitya-staff\/"},"modified":"2026-03-06T11:37:16","modified_gmt":"2026-03-06T10:37:16","slug":"tefalipitya-staff","status":"publish","type":"page","link":"https:\/\/davidserra.es\/en\/tefalipitya-staff\/","title":{"rendered":"Marioneta k\u00e9b\u00e9 k\u00e9b\u00e9"},"content":{"rendered":"<style>.wp-block-kadence-advancedheading.kt-adv-heading3706_e404d4-b3, .wp-block-kadence-advancedheading.kt-adv-heading3706_e404d4-b3[data-kb-block=\"kb-adv-heading3706_e404d4-b3\"]{padding-top:var(--global-kb-spacing-md, 2rem);text-align:center;font-style:normal;}.wp-block-kadence-advancedheading.kt-adv-heading3706_e404d4-b3 mark.kt-highlight, .wp-block-kadence-advancedheading.kt-adv-heading3706_e404d4-b3[data-kb-block=\"kb-adv-heading3706_e404d4-b3\"] mark.kt-highlight{font-style:normal;color:#f76a0c;-webkit-box-decoration-break:clone;box-decoration-break:clone;padding-top:0px;padding-right:0px;padding-bottom:0px;padding-left:0px;}.wp-block-kadence-advancedheading.kt-adv-heading3706_e404d4-b3 img.kb-inline-image, .wp-block-kadence-advancedheading.kt-adv-heading3706_e404d4-b3[data-kb-block=\"kb-adv-heading3706_e404d4-b3\"] img.kb-inline-image{width:150px;vertical-align:baseline;}<\/style>\n<h1 class=\"kt-adv-heading3706_e404d4-b3 wp-block-kadence-advancedheading has-white-color has-text-color\" data-kb-block=\"kb-adv-heading3706_e404d4-b3\">Marioneta k\u00e9b\u00e9 k\u00e9b\u00e9<\/h1>\n\n<div class=\"wp-block-uagb-container uagb-block-cdcda8f8 alignfull uagb-is-root-container\"><div class=\"uagb-container-inner-blocks-wrap\">\n<div class=\"wp-block-uagb-container uagb-block-f64e62b4\"><style>.kb-gallery-id-3706_de9b0c-a2 .kadence-blocks-gallery-item .kb-gal-image-radius, .kb-gallery-id-3706_de9b0c-a2 .kb-slide-item .kb-gal-image-radius img{border-radius:0px 0px 0px 0px;;}.kb-gallery-wrap-id-3706_de9b0c-a2.wp-block-kadence-advancedgallery{overflow:visible;}.kb-gallery-wrap-id-3706_de9b0c-a2.wp-block-kadence-advancedgallery .kt-blocks-carousel{overflow:visible;}<\/style><div class=\"kb-gallery-wrap-id-3706_de9b0c-a2 alignnone wp-block-kadence-advancedgallery\"><div class=\"kb-gallery-ul kb-gallery-non-static kb-gallery-type-slider kb-gallery-id-3706_de9b0c-a2 kb-gallery-caption-style-bottom-hover kb-gallery-filter-none\" data-image-filter=\"none\" data-lightbox-caption=\"true\"><div class=\"kt-blocks-carousel splide kt-carousel-container-dotstyle-dark kt-carousel-arrowstyle-whiteondark kt-carousel-dotstyle-dark kb-slider-group-arrow kb-slider-arrow-position-center\" data-slider-anim-speed=\"300\" data-slider-scroll=\"1\" data-slider-arrows=\"true\" data-slider-fade=\"true\" data-slider-dots=\"true\" data-slider-type=\"slider\" data-slider-hover-pause=\"false\" data-slider-auto=\"1\" data-slider-speed=\"5000\" data-show-pause-button=\"false\"><div class=\"splide__track\"><ul class=\"kt-blocks-carousel-init kb-blocks-slider splide__list\"><li class=\"kb-slide-item kb-gallery-slide-item splide__slide\"><div class=\"kadence-blocks-gallery-item\"><div class=\"kadence-blocks-gallery-item-inner\"><figure class=\"kb-gallery-figure kadence-blocks-gallery-item-hide-caption\"><div class=\"kb-gal-image-radius\"><div class=\"kb-gallery-image-contain kadence-blocks-gallery-intrinsic kb-gallery-image-ratio-square kb-has-image-ratio-square\" ><img loading=\"lazy\" decoding=\"async\" src=\"https:\/\/davidserra.es\/wp-content\/uploads\/2026\/02\/pieza1-1-1024x1024.jpg\" width=\"1024\" height=\"1024\" alt=\"\" data-full-image=\"https:\/\/davidserra.es\/wp-content\/uploads\/2026\/02\/pieza1-1.jpg\" data-light-image=\"https:\/\/davidserra.es\/wp-content\/uploads\/2026\/02\/pieza1-1.jpg\" data-id=\"3943\" class=\"wp-image-3943 skip-lazy\" srcset=\"https:\/\/davidserra.es\/wp-content\/uploads\/2026\/02\/pieza1-1-1024x1024.jpg 1024w, https:\/\/davidserra.es\/wp-content\/uploads\/2026\/02\/pieza1-1-300x300.jpg 300w, https:\/\/davidserra.es\/wp-content\/uploads\/2026\/02\/pieza1-1-150x150.jpg 150w, https:\/\/davidserra.es\/wp-content\/uploads\/2026\/02\/pieza1-1-768x768.jpg 768w, https:\/\/davidserra.es\/wp-content\/uploads\/2026\/02\/pieza1-1-1536x1536.jpg 1536w, https:\/\/davidserra.es\/wp-content\/uploads\/2026\/02\/pieza1-1-570x570.jpg 570w, https:\/\/davidserra.es\/wp-content\/uploads\/2026\/02\/pieza1-1-500x500.jpg 500w, https:\/\/davidserra.es\/wp-content\/uploads\/2026\/02\/pieza1-1-1000x1000.jpg 1000w, https:\/\/davidserra.es\/wp-content\/uploads\/2026\/02\/pieza1-1-700x700.jpg 700w, https:\/\/davidserra.es\/wp-content\/uploads\/2026\/02\/pieza1-1.jpg 1772w\" sizes=\"auto, (max-width: 1024px) 100vw, 1024px\" \/><\/div><\/div><\/figure><\/div><\/div><\/li><li class=\"kb-slide-item kb-gallery-slide-item splide__slide\"><div class=\"kadence-blocks-gallery-item\"><div class=\"kadence-blocks-gallery-item-inner\"><figure class=\"kb-gallery-figure kadence-blocks-gallery-item-hide-caption\"><div class=\"kb-gal-image-radius\"><div class=\"kb-gallery-image-contain kadence-blocks-gallery-intrinsic kb-gallery-image-ratio-square kb-has-image-ratio-square\" ><img loading=\"lazy\" decoding=\"async\" src=\"https:\/\/davidserra.es\/wp-content\/uploads\/2026\/02\/pieza1-2-1024x1024.jpg\" width=\"1024\" height=\"1024\" alt=\"\" data-full-image=\"https:\/\/davidserra.es\/wp-content\/uploads\/2026\/02\/pieza1-2.jpg\" data-light-image=\"https:\/\/davidserra.es\/wp-content\/uploads\/2026\/02\/pieza1-2.jpg\" data-id=\"3946\" class=\"wp-image-3946 skip-lazy\" srcset=\"https:\/\/davidserra.es\/wp-content\/uploads\/2026\/02\/pieza1-2-1024x1024.jpg 1024w, https:\/\/davidserra.es\/wp-content\/uploads\/2026\/02\/pieza1-2-300x300.jpg 300w, https:\/\/davidserra.es\/wp-content\/uploads\/2026\/02\/pieza1-2-150x150.jpg 150w, https:\/\/davidserra.es\/wp-content\/uploads\/2026\/02\/pieza1-2-768x768.jpg 768w, https:\/\/davidserra.es\/wp-content\/uploads\/2026\/02\/pieza1-2-1536x1536.jpg 1536w, https:\/\/davidserra.es\/wp-content\/uploads\/2026\/02\/pieza1-2-570x570.jpg 570w, https:\/\/davidserra.es\/wp-content\/uploads\/2026\/02\/pieza1-2-500x500.jpg 500w, https:\/\/davidserra.es\/wp-content\/uploads\/2026\/02\/pieza1-2-1000x1000.jpg 1000w, https:\/\/davidserra.es\/wp-content\/uploads\/2026\/02\/pieza1-2-700x700.jpg 700w, https:\/\/davidserra.es\/wp-content\/uploads\/2026\/02\/pieza1-2.jpg 1772w\" sizes=\"auto, (max-width: 1024px) 100vw, 1024px\" \/><\/div><\/div><\/figure><\/div><\/div><\/li><li class=\"kb-slide-item kb-gallery-slide-item splide__slide\"><div class=\"kadence-blocks-gallery-item\"><div class=\"kadence-blocks-gallery-item-inner\"><figure class=\"kb-gallery-figure kadence-blocks-gallery-item-hide-caption\"><div class=\"kb-gal-image-radius\"><div class=\"kb-gallery-image-contain kadence-blocks-gallery-intrinsic kb-gallery-image-ratio-square kb-has-image-ratio-square\" ><img loading=\"lazy\" decoding=\"async\" src=\"https:\/\/davidserra.es\/wp-content\/uploads\/2026\/02\/pieza1-3-1024x1024.jpg\" width=\"1024\" height=\"1024\" alt=\"\" data-full-image=\"https:\/\/davidserra.es\/wp-content\/uploads\/2026\/02\/pieza1-3.jpg\" data-light-image=\"https:\/\/davidserra.es\/wp-content\/uploads\/2026\/02\/pieza1-3.jpg\" data-id=\"3949\" class=\"wp-image-3949 skip-lazy\" srcset=\"https:\/\/davidserra.es\/wp-content\/uploads\/2026\/02\/pieza1-3-1024x1024.jpg 1024w, https:\/\/davidserra.es\/wp-content\/uploads\/2026\/02\/pieza1-3-300x300.jpg 300w, https:\/\/davidserra.es\/wp-content\/uploads\/2026\/02\/pieza1-3-150x150.jpg 150w, https:\/\/davidserra.es\/wp-content\/uploads\/2026\/02\/pieza1-3-768x768.jpg 768w, https:\/\/davidserra.es\/wp-content\/uploads\/2026\/02\/pieza1-3-1536x1536.jpg 1536w, https:\/\/davidserra.es\/wp-content\/uploads\/2026\/02\/pieza1-3-570x570.jpg 570w, https:\/\/davidserra.es\/wp-content\/uploads\/2026\/02\/pieza1-3-500x500.jpg 500w, https:\/\/davidserra.es\/wp-content\/uploads\/2026\/02\/pieza1-3-1000x1000.jpg 1000w, https:\/\/davidserra.es\/wp-content\/uploads\/2026\/02\/pieza1-3-700x700.jpg 700w, https:\/\/davidserra.es\/wp-content\/uploads\/2026\/02\/pieza1-3.jpg 1772w\" sizes=\"auto, (max-width: 1024px) 100vw, 1024px\" \/><\/div><\/div><\/figure><\/div><\/div><\/li><\/ul><\/div><\/div><\/div><\/div><\/div>\n\n\n\n<div class=\"wp-block-uagb-container uagb-block-36a46cdb\">\n<p class=\"has-white-color has-text-color has-link-color wp-elements-ab9e8c323d4018538455263789921b71\">k\u00e9b\u00e9 k\u00e9b\u00e9 marionette<br\/>Eouya society<br\/>Kuyu<br\/>Kuyugandza Region<br\/>Rep. of Congo<br\/>Wood and pigments<br\/>H. 48 cm<br\/>Estimated period: late 19th century &#8211; early 20th century<\/p>\n\n\n\n<div class=\"wp-block-uagb-advanced-heading uagb-block-d6204d98\"><h5 class=\"uagb-heading-text\">Provenance:<\/h5><div class=\"uagb-separator\"><\/div><\/div>\n\n\n\n<p class=\"has-white-color has-text-color has-link-color wp-elements-67f9fa72eaacbaa6233ed3e77acaaeb2\">-Josef M\u00fcller (1887-1977) Collection, Switzerland<br\/>-Barbier-Mueller Museum, Switzerland. (till 1979)<br\/>-Christie&#8217;s, London, March 1979.<br\/>-Alberto Costa Romero de Tejada Collection, Spain.<br\/>-J. Ferrer Collection, Spain.<\/p>\n<\/div>\n<\/div><\/div>\n","protected":false},"excerpt":{"rendered":"<p>Marioneta k\u00e9b\u00e9 k\u00e9b\u00e9 k\u00e9b\u00e9 k\u00e9b\u00e9 marionetteEouya societyKuyuKuyugandza RegionRep. of CongoWood and pigmentsH. 48 cmEstimated period: late 19th century &#8211; early 20th century Provenance: -Josef M\u00fcller (1887-1977) Collection, Switzerland-Barbier-Mueller Museum, Switzerland. (till 1979)-Christie&#8217;s, London, March 1979.-Alberto Costa Romero de Tejada Collection, Spain.-J. Ferrer Collection, Spain.<\/p>\n","protected":false},"author":3,"featured_media":0,"parent":0,"menu_order":0,"comment_status":"closed","ping_status":"closed","template":"","meta":{"_uag_custom_page_level_css":"","footnotes":""},"class_list":["post-3758","page","type-page","status-publish","hentry"],"uagb_featured_image_src":{"full":false,"thumbnail":false,"medium":false,"medium_large":false,"large":false,"1536x1536":false,"2048x2048":false,"portfolio-square":false,"portfolio-portrait":false,"portfolio-landscape":false,"menu-featured-post":false,"qode-carousel_slider":false,"portfolio_slider":false,"portfolio_masonry_regular":false,"portfolio_masonry_wide":false,"portfolio_masonry_tall":false,"portfolio_masonry_large":false,"portfolio_masonry_with_space":false,"latest_post_boxes":false},"uagb_author_info":{"display_name":"empiezapori","author_link":"https:\/\/davidserra.es\/en\/author\/empiezapori\/"},"uagb_comment_info":0,"uagb_excerpt":"Marioneta k\u00e9b\u00e9 k\u00e9b\u00e9 k\u00e9b\u00e9 k\u00e9b\u00e9 marionetteEouya societyKuyuKuyugandza RegionRep. of CongoWood and pigmentsH. 48 cmEstimated period: late 19th century &#8211; early 20th century Provenance: -Josef M\u00fcller (1887-1977) Collection, Switzerland-Barbier-Mueller Museum, Switzerland. (till 1979)-Christie&#8217;s, London, March 1979.-Alberto Costa Romero de Tejada Collection, Spain.-J. Ferrer Collection, Spain.","_links":{"self":[{"href":"https:\/\/davidserra.es\/en\/wp-json\/wp\/v2\/pages\/3758","targetHints":{"allow":["GET"]}}],"collection":[{"href":"https:\/\/davidserra.es\/en\/wp-json\/wp\/v2\/pages"}],"about":[{"href":"https:\/\/davidserra.es\/en\/wp-json\/wp\/v2\/types\/page"}],"author":[{"embeddable":true,"href":"https:\/\/davidserra.es\/en\/wp-json\/wp\/v2\/users\/3"}],"replies":[{"embeddable":true,"href":"https:\/\/davidserra.es\/en\/wp-json\/wp\/v2\/comments?post=3758"}],"version-history":[{"count":11,"href":"https:\/\/davidserra.es\/en\/wp-json\/wp\/v2\/pages\/3758\/revisions"}],"predecessor-version":[{"id":4044,"href":"https:\/\/davidserra.es\/en\/wp-json\/wp\/v2\/pages\/3758\/revisions\/4044"}],"wp:attachment":[{"href":"https:\/\/davidserra.es\/en\/wp-json\/wp\/v2\/media?parent=3758"}],"curies":[{"name":"wp","href":"https:\/\/api.w.org\/{rel}","templated":true}]}}